{"id":49597,"date":"2019-03-19T16:41:02","date_gmt":"2019-03-19T14:41:02","guid":{"rendered":"https:\/\/travecademy.be\/musique\/lechangisme-en-alabama\/"},"modified":"2024-02-13T12:20:58","modified_gmt":"2024-02-13T10:20:58","slug":"lechangisme-en-alabama","status":"publish","type":"page","link":"https:\/\/travecademy.be\/fr\/themes\/musique\/lechangisme-en-alabama\/","title":{"rendered":"L\u2019\u00e9changisme en Alabama"},"content":{"rendered":"<p><strong>D\u00e9couvrez les racines de la musique am\u00e9ricaine, profond\u00e9ment ancr\u00e9es dans l\u2019<a href=\"https:\/\/www.visittheusa.com.au\/state\/alabama\">Alabama<\/a>.  <\/strong><\/p>\n<p>Par exemple, la ville de Sheffield, dans le nord de l\u2019\u00c9tat, abrite le studio d\u2019enregistrement <a href=\"https:\/\/muscleshoalssoundstudio.org\/\">Muscle Shoals Sound<\/a> Studio. Aretha Franklin, Wilson Pickett et Etta James, entre autres, y ont enregistr\u00e9 des disques. C\u2019est tr\u00e8s sp\u00e9cial dans le studio de voir les toilettes sur lesquelles Keith Richards a compos\u00e9 Wild Horses. Le groupe qui l\u2019accompagne, The Swampers, a cr\u00e9\u00e9 un son totalement nouveau qui a permis \u00e0 toutes sortes de grands artistes de se rencontrer dans cette petite ville de l\u2019Alabama. Cette atmosph\u00e8re est encore tr\u00e8s pr\u00e9sente. Le billet pour la visite du studio co\u00fbte 15 dollars pour les adultes et l\u2019entr\u00e9e est gratuite pour les enfants jusqu\u2019\u00e0 10 ans. Il est conseill\u00e9 de commander les billets en ligne \u00e0 l\u2019avance. Le <a href=\"https:\/\/famestudios.com\/\">studio d\u2019enregistrement FAME<\/a>, toujours en activit\u00e9, \u00e0 Muscle Shoals, doit \u00e9galement \u00eatre visit\u00e9. On y trouve \u00e9galement des succ\u00e8s d\u2019Aretha Franklin, de Wilson Pickett et d\u2019Etta James. Une visite guid\u00e9e co\u00fbte 10 dollars. <a href=\"https:\/\/www.alamhof.org\/\">L\u2019Alabama Music Hall of Fame<\/a> \u00e0 Tuscumbia rend hommage aux musiciens de l\u2019Alabama tels que Lionel Richie, The Commodores, Nat King Cole, Hank Williams et Tammy Wynette. La visite de ce magnifique mus\u00e9e co\u00fbte 10 dollars pour les adultes et 6 dollars pour les enfants.<\/p>\n<p><em><br \/>\n  <u>Conseil :<\/u><br \/>\n<\/em> En Alabama, il faut absolument visiter Gip\u2019s Place \u00e0 Bessemer, en Alabama. Gip a aujourd\u2019hui 97 ans et, avec un peu de chance, vous pourrez encore le voir se produire. Au d\u00e9but du si\u00e8cle dernier, il a cr\u00e9\u00e9 un v\u00e9ritable Juke Joint dans son jardin, qui est aujourd\u2019hui le seul \u00e0 subsister dans l\u2019\u00c9tat. Vous apportez vos propres boissons, vous payez 10 dollars \u00e0 l\u2019entr\u00e9e et vous profitez de la musique toute la nuit, en compagnie des habitants de la r\u00e9gion. Red Clay Tours organise un aller-retour pour 25 dollars. Il est fortement recommand\u00e9 car il est plut\u00f4t cach\u00e9 dans un quartier r\u00e9sidentiel et permet de savourer une bi\u00e8re en toute tranquillit\u00e9.<\/p>\n<p>\u00a0<\/p>\n<div class=\"media_embed\" height=\"315px\" width=\"560px\"><iframe allow=\"accelerometer; autoplay; encrypted-media; gyroscope; picture-in-picture\" allowfullscreen=\"\" frameborder=\"0\" height=\"315px\" src=\"https:\/\/www.youtube.com\/embed\/1K23nwMNTaQ\" width=\"560px\"><\/iframe><\/div>\n<p>\u00a0<\/p>\n","protected":false},"excerpt":{"rendered":"<p>D\u00e9couvrez les racines de la musique am\u00e9ricaine, profond\u00e9ment ancr\u00e9es dans l\u2019Alabama. Par exemple, la ville de Sheffield, dans le nord de l\u2019\u00c9tat, abrite le studio\u2026<\/p>\n","protected":false},"author":1,"featured_media":35836,"parent":48766,"menu_order":0,"comment_status":"closed","ping_status":"closed","template":"","meta":{"_acf_changed":false,"_price":"","_stock":"","_tribe_ticket_header":"","_tribe_default_ticket_provider":"","_tribe_ticket_capacity":"0","_ticket_start_date":"","_ticket_end_date":"","_tribe_ticket_show_description":"","_tribe_ticket_show_not_going":false,"_tribe_ticket_use_global_stock":"","_tribe_ticket_global_stock_level":"","_global_stock_mode":"","_global_stock_cap":"","_tribe_rsvp_for_event":"","_tribe_ticket_going_count":"","_tribe_ticket_not_going_count":"","_tribe_tickets_list":"[]","_tribe_ticket_has_attendee_info_fields":false,"footnotes":"","_tec_slr_enabled":"","_tec_slr_layout":""},"tags":[459],"ecademys":[500],"class_list":["post-49597","page","type-page","status-publish","has-post-thumbnail","hentry","tag-themes-musique","ecademys-travel-south-usa-fr"],"acf":[],"yoast_head":"<!-- This site is optimized with the Yoast SEO Premium plugin v27.4 (Yoast SEO v27.5) - https:\/\/yoast.com\/product\/yoast-seo-premium-wordpress\/ -->\n<title>L&#039;\u00e9changisme en Alabama - TravEcademy<\/title>\n<meta name=\"robots\" content=\"index, follow, max-snippet:-1, max-image-preview:large, max-video-preview:-1\" \/>\n<link rel=\"canonical\" href=\"https:\/\/travecademy.be\/fr\/themes\/musique\/lechangisme-en-alabama\/\" class=\"yoast-seo-meta-tag\" \/>\n<meta property=\"og:locale\" content=\"fr_FR\" class=\"yoast-seo-meta-tag\" \/>\n<meta property=\"og:type\" content=\"article\" class=\"yoast-seo-meta-tag\" \/>\n<meta property=\"og:title\" content=\"L&#039;\u00e9changisme en Alabama\" class=\"yoast-seo-meta-tag\" \/>\n<meta property=\"og:description\" content=\"D\u00e9couvrez les racines de la musique am\u00e9ricaine, profond\u00e9ment ancr\u00e9es dans l\u2019Alabama. Par exemple, la ville de Sheffield, dans le nord de l\u2019\u00c9tat, abrite le studio\u2026\" class=\"yoast-seo-meta-tag\" \/>\n<meta property=\"og:url\" content=\"https:\/\/travecademy.be\/fr\/themes\/musique\/lechangisme-en-alabama\/\" class=\"yoast-seo-meta-tag\" \/>\n<meta property=\"og:site_name\" content=\"TravEcademy\" class=\"yoast-seo-meta-tag\" \/>\n<meta property=\"article:modified_time\" content=\"2024-02-13T10:20:58+00:00\" class=\"yoast-seo-meta-tag\" \/>\n<meta property=\"og:image\" content=\"https:\/\/travecademy.be\/wp-content\/uploads\/2019\/03\/5-HERO_BirminghamLiveMusicGipsPlaceBessemerS_0.jpg\" class=\"yoast-seo-meta-tag\" \/>\n\t<meta property=\"og:image:width\" content=\"622\" class=\"yoast-seo-meta-tag\" \/>\n\t<meta property=\"og:image:height\" content=\"415\" class=\"yoast-seo-meta-tag\" \/>\n\t<meta property=\"og:image:type\" content=\"image\/jpeg\" class=\"yoast-seo-meta-tag\" \/>\n<meta name=\"twitter:card\" content=\"summary_large_image\" class=\"yoast-seo-meta-tag\" \/>\n<meta name=\"twitter:label1\" content=\"Dur\u00e9e de lecture estim\u00e9e\" class=\"yoast-seo-meta-tag\" \/>\n\t<meta name=\"twitter:data1\" content=\"2 minutes\" class=\"yoast-seo-meta-tag\" \/>\n<script type=\"application\/ld+json\" class=\"yoast-schema-graph\">{\"@context\":\"https:\\\/\\\/schema.org\",\"@graph\":[{\"@type\":\"WebPage\",\"@id\":\"https:\\\/\\\/travecademy.be\\\/fr\\\/themes\\\/musique\\\/lechangisme-en-alabama\\\/\",\"url\":\"https:\\\/\\\/travecademy.be\\\/fr\\\/themes\\\/musique\\\/lechangisme-en-alabama\\\/\",\"name\":\"L'\u00e9changisme en Alabama - TravEcademy\",\"isPartOf\":{\"@id\":\"https:\\\/\\\/travecademy.be\\\/fr\\\/#website\"},\"primaryImageOfPage\":{\"@id\":\"https:\\\/\\\/travecademy.be\\\/fr\\\/themes\\\/musique\\\/lechangisme-en-alabama\\\/#primaryimage\"},\"image\":{\"@id\":\"https:\\\/\\\/travecademy.be\\\/fr\\\/themes\\\/musique\\\/lechangisme-en-alabama\\\/#primaryimage\"},\"thumbnailUrl\":\"https:\\\/\\\/travecademy.be\\\/wp-content\\\/uploads\\\/2019\\\/03\\\/5-HERO_BirminghamLiveMusicGipsPlaceBessemerS_0.jpg\",\"datePublished\":\"2019-03-19T14:41:02+00:00\",\"dateModified\":\"2024-02-13T10:20:58+00:00\",\"breadcrumb\":{\"@id\":\"https:\\\/\\\/travecademy.be\\\/fr\\\/themes\\\/musique\\\/lechangisme-en-alabama\\\/#breadcrumb\"},\"inLanguage\":\"fr-FR\",\"potentialAction\":[{\"@type\":\"ReadAction\",\"target\":[\"https:\\\/\\\/travecademy.be\\\/fr\\\/themes\\\/musique\\\/lechangisme-en-alabama\\\/\"]}]},{\"@type\":\"ImageObject\",\"inLanguage\":\"fr-FR\",\"@id\":\"https:\\\/\\\/travecademy.be\\\/fr\\\/themes\\\/musique\\\/lechangisme-en-alabama\\\/#primaryimage\",\"url\":\"https:\\\/\\\/travecademy.be\\\/wp-content\\\/uploads\\\/2019\\\/03\\\/5-HERO_BirminghamLiveMusicGipsPlaceBessemerS_0.jpg\",\"contentUrl\":\"https:\\\/\\\/travecademy.be\\\/wp-content\\\/uploads\\\/2019\\\/03\\\/5-HERO_BirminghamLiveMusicGipsPlaceBessemerS_0.jpg\",\"width\":622,\"height\":415},{\"@type\":\"BreadcrumbList\",\"@id\":\"https:\\\/\\\/travecademy.be\\\/fr\\\/themes\\\/musique\\\/lechangisme-en-alabama\\\/#breadcrumb\",\"itemListElement\":[{\"@type\":\"ListItem\",\"position\":1,\"name\":\"Home\",\"item\":\"https:\\\/\\\/travecademy.be\\\/fr\\\/\"},{\"@type\":\"ListItem\",\"position\":2,\"name\":\"Th\u00e8mes\",\"item\":\"https:\\\/\\\/travecademy.be\\\/fr\\\/themes\\\/\"},{\"@type\":\"ListItem\",\"position\":3,\"name\":\"Musique\",\"item\":\"https:\\\/\\\/travecademy.be\\\/fr\\\/themas-2\\\/muziek\\\/\"},{\"@type\":\"ListItem\",\"position\":4,\"name\":\"L&#8217;\u00e9changisme en Alabama\"}]},{\"@type\":\"WebSite\",\"@id\":\"https:\\\/\\\/travecademy.be\\\/fr\\\/#website\",\"url\":\"https:\\\/\\\/travecademy.be\\\/fr\\\/\",\"name\":\"TravEcademy\",\"description\":\"Het meest succesvolle en gratis e-learning platform voor reisprofessionals\",\"publisher\":{\"@id\":\"https:\\\/\\\/travecademy.be\\\/fr\\\/#organization\"},\"potentialAction\":[{\"@type\":\"SearchAction\",\"target\":{\"@type\":\"EntryPoint\",\"urlTemplate\":\"https:\\\/\\\/travecademy.be\\\/fr\\\/?s={search_term_string}\"},\"query-input\":{\"@type\":\"PropertyValueSpecification\",\"valueRequired\":true,\"valueName\":\"search_term_string\"}}],\"inLanguage\":\"fr-FR\"},{\"@type\":\"Organization\",\"@id\":\"https:\\\/\\\/travecademy.be\\\/fr\\\/#organization\",\"name\":\"TravEcademy\",\"url\":\"https:\\\/\\\/travecademy.be\\\/fr\\\/\",\"logo\":{\"@type\":\"ImageObject\",\"inLanguage\":\"fr-FR\",\"@id\":\"https:\\\/\\\/travecademy.be\\\/fr\\\/#\\\/schema\\\/logo\\\/image\\\/\",\"url\":\"https:\\\/\\\/travecademy.be\\\/wp-content\\\/uploads\\\/2024\\\/04\\\/Travecademy.png\",\"contentUrl\":\"https:\\\/\\\/travecademy.be\\\/wp-content\\\/uploads\\\/2024\\\/04\\\/Travecademy.png\",\"width\":1263,\"height\":313,\"caption\":\"TravEcademy\"},\"image\":{\"@id\":\"https:\\\/\\\/travecademy.be\\\/fr\\\/#\\\/schema\\\/logo\\\/image\\\/\"}}]}<\/script>\n<!-- \/ Yoast SEO Premium plugin. -->","yoast_head_json":{"title":"L'\u00e9changisme en Alabama - TravEcademy","robots":{"index":"index","follow":"follow","max-snippet":"max-snippet:-1","max-image-preview":"max-image-preview:large","max-video-preview":"max-video-preview:-1"},"canonical":"https:\/\/travecademy.be\/fr\/themes\/musique\/lechangisme-en-alabama\/","og_locale":"fr_FR","og_type":"article","og_title":"L'\u00e9changisme en Alabama","og_description":"D\u00e9couvrez les racines de la musique am\u00e9ricaine, profond\u00e9ment ancr\u00e9es dans l\u2019Alabama. Par exemple, la ville de Sheffield, dans le nord de l\u2019\u00c9tat, abrite le studio\u2026","og_url":"https:\/\/travecademy.be\/fr\/themes\/musique\/lechangisme-en-alabama\/","og_site_name":"TravEcademy","article_modified_time":"2024-02-13T10:20:58+00:00","og_image":[{"width":622,"height":415,"url":"https:\/\/travecademy.be\/wp-content\/uploads\/2019\/03\/5-HERO_BirminghamLiveMusicGipsPlaceBessemerS_0.jpg","type":"image\/jpeg"}],"twitter_card":"summary_large_image","twitter_misc":{"Dur\u00e9e de lecture estim\u00e9e":"2 minutes"},"schema":{"@context":"https:\/\/schema.org","@graph":[{"@type":"WebPage","@id":"https:\/\/travecademy.be\/fr\/themes\/musique\/lechangisme-en-alabama\/","url":"https:\/\/travecademy.be\/fr\/themes\/musique\/lechangisme-en-alabama\/","name":"L'\u00e9changisme en Alabama - TravEcademy","isPartOf":{"@id":"https:\/\/travecademy.be\/fr\/#website"},"primaryImageOfPage":{"@id":"https:\/\/travecademy.be\/fr\/themes\/musique\/lechangisme-en-alabama\/#primaryimage"},"image":{"@id":"https:\/\/travecademy.be\/fr\/themes\/musique\/lechangisme-en-alabama\/#primaryimage"},"thumbnailUrl":"https:\/\/travecademy.be\/wp-content\/uploads\/2019\/03\/5-HERO_BirminghamLiveMusicGipsPlaceBessemerS_0.jpg","datePublished":"2019-03-19T14:41:02+00:00","dateModified":"2024-02-13T10:20:58+00:00","breadcrumb":{"@id":"https:\/\/travecademy.be\/fr\/themes\/musique\/lechangisme-en-alabama\/#breadcrumb"},"inLanguage":"fr-FR","potentialAction":[{"@type":"ReadAction","target":["https:\/\/travecademy.be\/fr\/themes\/musique\/lechangisme-en-alabama\/"]}]},{"@type":"ImageObject","inLanguage":"fr-FR","@id":"https:\/\/travecademy.be\/fr\/themes\/musique\/lechangisme-en-alabama\/#primaryimage","url":"https:\/\/travecademy.be\/wp-content\/uploads\/2019\/03\/5-HERO_BirminghamLiveMusicGipsPlaceBessemerS_0.jpg","contentUrl":"https:\/\/travecademy.be\/wp-content\/uploads\/2019\/03\/5-HERO_BirminghamLiveMusicGipsPlaceBessemerS_0.jpg","width":622,"height":415},{"@type":"BreadcrumbList","@id":"https:\/\/travecademy.be\/fr\/themes\/musique\/lechangisme-en-alabama\/#breadcrumb","itemListElement":[{"@type":"ListItem","position":1,"name":"Home","item":"https:\/\/travecademy.be\/fr\/"},{"@type":"ListItem","position":2,"name":"Th\u00e8mes","item":"https:\/\/travecademy.be\/fr\/themes\/"},{"@type":"ListItem","position":3,"name":"Musique","item":"https:\/\/travecademy.be\/fr\/themas-2\/muziek\/"},{"@type":"ListItem","position":4,"name":"L&#8217;\u00e9changisme en Alabama"}]},{"@type":"WebSite","@id":"https:\/\/travecademy.be\/fr\/#website","url":"https:\/\/travecademy.be\/fr\/","name":"TravEcademy","description":"Het meest succesvolle en gratis e-learning platform voor reisprofessionals","publisher":{"@id":"https:\/\/travecademy.be\/fr\/#organization"},"potentialAction":[{"@type":"SearchAction","target":{"@type":"EntryPoint","urlTemplate":"https:\/\/travecademy.be\/fr\/?s={search_term_string}"},"query-input":{"@type":"PropertyValueSpecification","valueRequired":true,"valueName":"search_term_string"}}],"inLanguage":"fr-FR"},{"@type":"Organization","@id":"https:\/\/travecademy.be\/fr\/#organization","name":"TravEcademy","url":"https:\/\/travecademy.be\/fr\/","logo":{"@type":"ImageObject","inLanguage":"fr-FR","@id":"https:\/\/travecademy.be\/fr\/#\/schema\/logo\/image\/","url":"https:\/\/travecademy.be\/wp-content\/uploads\/2024\/04\/Travecademy.png","contentUrl":"https:\/\/travecademy.be\/wp-content\/uploads\/2024\/04\/Travecademy.png","width":1263,"height":313,"caption":"TravEcademy"},"image":{"@id":"https:\/\/travecademy.be\/fr\/#\/schema\/logo\/image\/"}}]}},"publishpress_future_action":{"enabled":false,"date":"2026-05-06 16:23:06","action":"change-status","newStatus":"draft","terms":[],"taxonomy":"ecademys","extraData":[]},"publishpress_future_workflow_manual_trigger":{"enabledWorkflows":[]},"ticketed":false,"_links":{"self":[{"href":"https:\/\/travecademy.be\/fr\/wp-json\/wp\/v2\/pages\/49597","targetHints":{"allow":["GET"]}}],"collection":[{"href":"https:\/\/travecademy.be\/fr\/wp-json\/wp\/v2\/pages"}],"about":[{"href":"https:\/\/travecademy.be\/fr\/wp-json\/wp\/v2\/types\/page"}],"author":[{"embeddable":true,"href":"https:\/\/travecademy.be\/fr\/wp-json\/wp\/v2\/users\/1"}],"replies":[{"embeddable":true,"href":"https:\/\/travecademy.be\/fr\/wp-json\/wp\/v2\/comments?post=49597"}],"version-history":[{"count":1,"href":"https:\/\/travecademy.be\/fr\/wp-json\/wp\/v2\/pages\/49597\/revisions"}],"predecessor-version":[{"id":49601,"href":"https:\/\/travecademy.be\/fr\/wp-json\/wp\/v2\/pages\/49597\/revisions\/49601"}],"up":[{"embeddable":true,"href":"https:\/\/travecademy.be\/fr\/wp-json\/wp\/v2\/pages\/48766"}],"wp:featuredmedia":[{"embeddable":true,"href":"https:\/\/travecademy.be\/fr\/wp-json\/wp\/v2\/media\/35836"}],"wp:attachment":[{"href":"https:\/\/travecademy.be\/fr\/wp-json\/wp\/v2\/media?parent=49597"}],"wp:term":[{"taxonomy":"post_tag","embeddable":true,"href":"https:\/\/travecademy.be\/fr\/wp-json\/wp\/v2\/tags?post=49597"},{"taxonomy":"ecademys","embeddable":true,"href":"https:\/\/travecademy.be\/fr\/wp-json\/wp\/v2\/ecademys?post=49597"}],"curies":[{"name":"wp","href":"https:\/\/api.w.org\/{rel}","templated":true}]}}